{"id":1333,"date":"2025-11-10T19:21:42","date_gmt":"2025-11-10T18:21:42","guid":{"rendered":"https:\/\/clipenclape.ovh\/?page_id=1333"},"modified":"2025-11-10T19:21:42","modified_gmt":"2025-11-10T18:21:42","slug":"photos-assemblee-generale-du-4-novembre-2025","status":"publish","type":"page","link":"https:\/\/clipenclape.ovh\/index.php\/photos-assemblee-generale-du-4-novembre-2025\/","title":{"rendered":"Photos Assembl\u00e9e G\u00e9n\u00e9rale du  4 novembre 2025"},"content":{"rendered":"\n<figure class=\"wp-block-gallery has-nested-images columns-default is-cropped wp-block-gallery-1 is-layout-flex wp-block-gallery-is-layout-flex\">\n<figure class=\"wp-block-image size-large\"><img fetchpriority=\"high\" decoding=\"async\" width=\"1000\" height=\"563\" data-id=\"1335\" src=\"https:\/\/clipenclape.ovh\/wp-content\/uploads\/2025\/11\/20251104_174650.jpg\" alt=\"\" class=\"wp-image-1335\" srcset=\"https:\/\/clipenclape.ovh\/wp-content\/uploads\/2025\/11\/20251104_174650.jpg 1000w, https:\/\/clipenclape.ovh\/wp-content\/uploads\/2025\/11\/20251104_174650-300x169.jpg 300w, https:\/\/clipenclape.ovh\/wp-content\/uploads\/2025\/11\/20251104_174650-768x432.jpg 768w\" sizes=\"(max-width: 1000px) 100vw, 1000px\" \/><\/figure>\n\n\n\n<figure class=\"wp-block-image size-large\"><img decoding=\"async\" width=\"1000\" height=\"563\" data-id=\"1334\" src=\"https:\/\/clipenclape.ovh\/wp-content\/uploads\/2025\/11\/20251104_174720.jpg\" alt=\"\" class=\"wp-image-1334\" srcset=\"https:\/\/clipenclape.ovh\/wp-content\/uploads\/2025\/11\/20251104_174720.jpg 1000w, https:\/\/clipenclape.ovh\/wp-content\/uploads\/2025\/11\/20251104_174720-300x169.jpg 300w, https:\/\/clipenclape.ovh\/wp-content\/uploads\/2025\/11\/20251104_174720-768x432.jpg 768w\" sizes=\"(max-width: 1000px) 100vw, 1000px\" \/><\/figure>\n\n\n\n<figure class=\"wp-block-image size-large\"><img decoding=\"async\" width=\"1000\" height=\"563\" data-id=\"1336\" src=\"https:\/\/clipenclape.ovh\/wp-content\/uploads\/2025\/11\/20251104_174756.jpg\" alt=\"\" class=\"wp-image-1336\" srcset=\"https:\/\/clipenclape.ovh\/wp-content\/uploads\/2025\/11\/20251104_174756.jpg 1000w, https:\/\/clipenclape.ovh\/wp-content\/uploads\/2025\/11\/20251104_174756-300x169.jpg 300w, https:\/\/clipenclape.ovh\/wp-content\/uploads\/2025\/11\/20251104_174756-768x432.jpg 768w\" sizes=\"(max-width: 1000px) 100vw, 1000px\" \/><\/figure>\n\n\n\n<figure class=\"wp-block-image size-large\"><img loading=\"lazy\" decoding=\"async\" width=\"1000\" height=\"563\" data-id=\"1337\" src=\"https:\/\/clipenclape.ovh\/wp-content\/uploads\/2025\/11\/20251104_174831.jpg\" alt=\"\" class=\"wp-image-1337\" srcset=\"https:\/\/clipenclape.ovh\/wp-content\/uploads\/2025\/11\/20251104_174831.jpg 1000w, https:\/\/clipenclape.ovh\/wp-content\/uploads\/2025\/11\/20251104_174831-300x169.jpg 300w, https:\/\/clipenclape.ovh\/wp-content\/uploads\/2025\/11\/20251104_174831-768x432.jpg 768w\" sizes=\"(max-width: 1000px) 100vw, 1000px\" \/><\/figure>\n\n\n\n<figure class=\"wp-block-image size-large\"><img loading=\"lazy\" decoding=\"async\" width=\"1000\" height=\"563\" data-id=\"1339\" src=\"https:\/\/clipenclape.ovh\/wp-content\/uploads\/2025\/11\/20251104_174852.jpg\" alt=\"\" class=\"wp-image-1339\" srcset=\"https:\/\/clipenclape.ovh\/wp-content\/uploads\/2025\/11\/20251104_174852.jpg 1000w, https:\/\/clipenclape.ovh\/wp-content\/uploads\/2025\/11\/20251104_174852-300x169.jpg 300w, https:\/\/clipenclape.ovh\/wp-content\/uploads\/2025\/11\/20251104_174852-768x432.jpg 768w\" sizes=\"(max-width: 1000px) 100vw, 1000px\" \/><\/figure>\n\n\n\n<figure class=\"wp-block-image size-large\"><img loading=\"lazy\" decoding=\"async\" width=\"1000\" height=\"563\" data-id=\"1340\" src=\"https:\/\/clipenclape.ovh\/wp-content\/uploads\/2025\/11\/20251104_174911.jpg\" alt=\"\" class=\"wp-image-1340\" srcset=\"https:\/\/clipenclape.ovh\/wp-content\/uploads\/2025\/11\/20251104_174911.jpg 1000w, https:\/\/clipenclape.ovh\/wp-content\/uploads\/2025\/11\/20251104_174911-300x169.jpg 300w, https:\/\/clipenclape.ovh\/wp-content\/uploads\/2025\/11\/20251104_174911-768x432.jpg 768w\" sizes=\"(max-width: 1000px) 100vw, 1000px\" \/><\/figure>\n\n\n\n<figure class=\"wp-block-image size-large\"><img loading=\"lazy\" decoding=\"async\" width=\"1000\" height=\"563\" data-id=\"1338\" src=\"https:\/\/clipenclape.ovh\/wp-content\/uploads\/2025\/11\/20251104_175237.jpg\" alt=\"\" class=\"wp-image-1338\" srcset=\"https:\/\/clipenclape.ovh\/wp-content\/uploads\/2025\/11\/20251104_175237.jpg 1000w, https:\/\/clipenclape.ovh\/wp-content\/uploads\/2025\/11\/20251104_175237-300x169.jpg 300w, https:\/\/clipenclape.ovh\/wp-content\/uploads\/2025\/11\/20251104_175237-768x432.jpg 768w\" sizes=\"(max-width: 1000px) 100vw, 1000px\" \/><\/figure>\n<\/figure>\n\n\n\n<figure class=\"wp-block-gallery has-nested-images columns-default is-cropped wp-block-gallery-2 is-layout-flex wp-block-gallery-is-layout-flex\">\n<figure class=\"wp-block-image size-large\"><img loading=\"lazy\" decoding=\"async\" width=\"577\" height=\"1024\" data-id=\"1344\" src=\"https:\/\/clipenclape.ovh\/wp-content\/uploads\/2025\/11\/20251104_184206-577x1024.jpg\" alt=\"\" class=\"wp-image-1344\" srcset=\"https:\/\/clipenclape.ovh\/wp-content\/uploads\/2025\/11\/20251104_184206-577x1024.jpg 577w, https:\/\/clipenclape.ovh\/wp-content\/uploads\/2025\/11\/20251104_184206-169x300.jpg 169w, https:\/\/clipenclape.ovh\/wp-content\/uploads\/2025\/11\/20251104_184206-768x1364.jpg 768w, https:\/\/clipenclape.ovh\/wp-content\/uploads\/2025\/11\/20251104_184206-865x1536.jpg 865w, https:\/\/clipenclape.ovh\/wp-content\/uploads\/2025\/11\/20251104_184206.jpg 1000w\" sizes=\"(max-width: 577px) 100vw, 577px\" \/><\/figure>\n\n\n\n<figure class=\"wp-block-image size-large\"><img loading=\"lazy\" decoding=\"async\" width=\"577\" height=\"1024\" data-id=\"1351\" src=\"https:\/\/clipenclape.ovh\/wp-content\/uploads\/2025\/11\/20251104_184217-577x1024.jpg\" alt=\"\" class=\"wp-image-1351\" srcset=\"https:\/\/clipenclape.ovh\/wp-content\/uploads\/2025\/11\/20251104_184217-577x1024.jpg 577w, https:\/\/clipenclape.ovh\/wp-content\/uploads\/2025\/11\/20251104_184217-169x300.jpg 169w, https:\/\/clipenclape.ovh\/wp-content\/uploads\/2025\/11\/20251104_184217-768x1364.jpg 768w, https:\/\/clipenclape.ovh\/wp-content\/uploads\/2025\/11\/20251104_184217-865x1536.jpg 865w, https:\/\/clipenclape.ovh\/wp-content\/uploads\/2025\/11\/20251104_184217.jpg 1000w\" sizes=\"(max-width: 577px) 100vw, 577px\" \/><\/figure>\n\n\n\n<figure class=\"wp-block-image size-large\"><img loading=\"lazy\" decoding=\"async\" width=\"577\" height=\"1024\" data-id=\"1356\" src=\"https:\/\/clipenclape.ovh\/wp-content\/uploads\/2025\/11\/20251104_184249-577x1024.jpg\" alt=\"\" class=\"wp-image-1356\" srcset=\"https:\/\/clipenclape.ovh\/wp-content\/uploads\/2025\/11\/20251104_184249-577x1024.jpg 577w, https:\/\/clipenclape.ovh\/wp-content\/uploads\/2025\/11\/20251104_184249-169x300.jpg 169w, https:\/\/clipenclape.ovh\/wp-content\/uploads\/2025\/11\/20251104_184249-768x1364.jpg 768w, https:\/\/clipenclape.ovh\/wp-content\/uploads\/2025\/11\/20251104_184249-865x1536.jpg 865w, https:\/\/clipenclape.ovh\/wp-content\/uploads\/2025\/11\/20251104_184249.jpg 1000w\" sizes=\"(max-width: 577px) 100vw, 577px\" \/><\/figure>\n\n\n\n<figure class=\"wp-block-image size-large\"><img loading=\"lazy\" decoding=\"async\" width=\"577\" height=\"1024\" data-id=\"1355\" src=\"https:\/\/clipenclape.ovh\/wp-content\/uploads\/2025\/11\/20251104_184300-577x1024.jpg\" alt=\"\" class=\"wp-image-1355\" srcset=\"https:\/\/clipenclape.ovh\/wp-content\/uploads\/2025\/11\/20251104_184300-577x1024.jpg 577w, https:\/\/clipenclape.ovh\/wp-content\/uploads\/2025\/11\/20251104_184300-169x300.jpg 169w, https:\/\/clipenclape.ovh\/wp-content\/uploads\/2025\/11\/20251104_184300-768x1364.jpg 768w, https:\/\/clipenclape.ovh\/wp-content\/uploads\/2025\/11\/20251104_184300-865x1536.jpg 865w, https:\/\/clipenclape.ovh\/wp-content\/uploads\/2025\/11\/20251104_184300.jpg 1000w\" sizes=\"(max-width: 577px) 100vw, 577px\" \/><\/figure>\n\n\n\n<figure class=\"wp-block-image size-large\"><img loading=\"lazy\" decoding=\"async\" width=\"1000\" height=\"563\" data-id=\"1343\" src=\"https:\/\/clipenclape.ovh\/wp-content\/uploads\/2025\/11\/20251104_184431.jpg\" alt=\"\" class=\"wp-image-1343\" srcset=\"https:\/\/clipenclape.ovh\/wp-content\/uploads\/2025\/11\/20251104_184431.jpg 1000w, https:\/\/clipenclape.ovh\/wp-content\/uploads\/2025\/11\/20251104_184431-300x169.jpg 300w, https:\/\/clipenclape.ovh\/wp-content\/uploads\/2025\/11\/20251104_184431-768x432.jpg 768w\" sizes=\"(max-width: 1000px) 100vw, 1000px\" \/><\/figure>\n\n\n\n<figure class=\"wp-block-image size-large\"><img loading=\"lazy\" decoding=\"async\" width=\"1000\" height=\"563\" data-id=\"1341\" src=\"https:\/\/clipenclape.ovh\/wp-content\/uploads\/2025\/11\/20251104_1844410.jpg\" alt=\"\" class=\"wp-image-1341\" srcset=\"https:\/\/clipenclape.ovh\/wp-content\/uploads\/2025\/11\/20251104_1844410.jpg 1000w, https:\/\/clipenclape.ovh\/wp-content\/uploads\/2025\/11\/20251104_1844410-300x169.jpg 300w, https:\/\/clipenclape.ovh\/wp-content\/uploads\/2025\/11\/20251104_1844410-768x432.jpg 768w\" sizes=\"(max-width: 1000px) 100vw, 1000px\" \/><\/figure>\n\n\n\n<figure class=\"wp-block-image size-large\"><img loading=\"lazy\" decoding=\"async\" width=\"1000\" height=\"563\" data-id=\"1347\" src=\"https:\/\/clipenclape.ovh\/wp-content\/uploads\/2025\/11\/20251104_184505.jpg\" alt=\"\" class=\"wp-image-1347\" srcset=\"https:\/\/clipenclape.ovh\/wp-content\/uploads\/2025\/11\/20251104_184505.jpg 1000w, https:\/\/clipenclape.ovh\/wp-content\/uploads\/2025\/11\/20251104_184505-300x169.jpg 300w, https:\/\/clipenclape.ovh\/wp-content\/uploads\/2025\/11\/20251104_184505-768x432.jpg 768w\" sizes=\"(max-width: 1000px) 100vw, 1000px\" \/><\/figure>\n\n\n\n<figure class=\"wp-block-image size-large\"><img loading=\"lazy\" decoding=\"async\" width=\"1000\" height=\"563\" data-id=\"1346\" src=\"https:\/\/clipenclape.ovh\/wp-content\/uploads\/2025\/11\/20251104_184548.jpg\" alt=\"\" class=\"wp-image-1346\" srcset=\"https:\/\/clipenclape.ovh\/wp-content\/uploads\/2025\/11\/20251104_184548.jpg 1000w, https:\/\/clipenclape.ovh\/wp-content\/uploads\/2025\/11\/20251104_184548-300x169.jpg 300w, https:\/\/clipenclape.ovh\/wp-content\/uploads\/2025\/11\/20251104_184548-768x432.jpg 768w\" sizes=\"(max-width: 1000px) 100vw, 1000px\" \/><\/figure>\n\n\n\n<figure class=\"wp-block-image size-large\"><img loading=\"lazy\" decoding=\"async\" width=\"1000\" height=\"563\" data-id=\"1342\" src=\"https:\/\/clipenclape.ovh\/wp-content\/uploads\/2025\/11\/20251104_184557.jpg\" alt=\"\" class=\"wp-image-1342\" srcset=\"https:\/\/clipenclape.ovh\/wp-content\/uploads\/2025\/11\/20251104_184557.jpg 1000w, https:\/\/clipenclape.ovh\/wp-content\/uploads\/2025\/11\/20251104_184557-300x169.jpg 300w, https:\/\/clipenclape.ovh\/wp-content\/uploads\/2025\/11\/20251104_184557-768x432.jpg 768w\" sizes=\"(max-width: 1000px) 100vw, 1000px\" \/><\/figure>\n\n\n\n<figure class=\"wp-block-image size-large\"><img loading=\"lazy\" decoding=\"async\" width=\"577\" height=\"1024\" data-id=\"1350\" src=\"https:\/\/clipenclape.ovh\/wp-content\/uploads\/2025\/11\/20251104_184616-577x1024.jpg\" alt=\"\" class=\"wp-image-1350\" srcset=\"https:\/\/clipenclape.ovh\/wp-content\/uploads\/2025\/11\/20251104_184616-577x1024.jpg 577w, https:\/\/clipenclape.ovh\/wp-content\/uploads\/2025\/11\/20251104_184616-169x300.jpg 169w, https:\/\/clipenclape.ovh\/wp-content\/uploads\/2025\/11\/20251104_184616-768x1364.jpg 768w, https:\/\/clipenclape.ovh\/wp-content\/uploads\/2025\/11\/20251104_184616-865x1536.jpg 865w, https:\/\/clipenclape.ovh\/wp-content\/uploads\/2025\/11\/20251104_184616.jpg 1000w\" sizes=\"(max-width: 577px) 100vw, 577px\" \/><\/figure>\n\n\n\n<figure class=\"wp-block-image size-large\"><img loading=\"lazy\" decoding=\"async\" width=\"1000\" height=\"563\" data-id=\"1345\" src=\"https:\/\/clipenclape.ovh\/wp-content\/uploads\/2025\/11\/20251104_184628.jpg\" alt=\"\" class=\"wp-image-1345\" srcset=\"https:\/\/clipenclape.ovh\/wp-content\/uploads\/2025\/11\/20251104_184628.jpg 1000w, https:\/\/clipenclape.ovh\/wp-content\/uploads\/2025\/11\/20251104_184628-300x169.jpg 300w, https:\/\/clipenclape.ovh\/wp-content\/uploads\/2025\/11\/20251104_184628-768x432.jpg 768w\" sizes=\"(max-width: 1000px) 100vw, 1000px\" \/><\/figure>\n\n\n\n<figure class=\"wp-block-image size-large\"><img loading=\"lazy\" decoding=\"async\" width=\"1000\" height=\"563\" data-id=\"1348\" src=\"https:\/\/clipenclape.ovh\/wp-content\/uploads\/2025\/11\/20251104_184849.jpg\" alt=\"\" class=\"wp-image-1348\" srcset=\"https:\/\/clipenclape.ovh\/wp-content\/uploads\/2025\/11\/20251104_184849.jpg 1000w, https:\/\/clipenclape.ovh\/wp-content\/uploads\/2025\/11\/20251104_184849-300x169.jpg 300w, https:\/\/clipenclape.ovh\/wp-content\/uploads\/2025\/11\/20251104_184849-768x432.jpg 768w\" sizes=\"(max-width: 1000px) 100vw, 1000px\" \/><\/figure>\n\n\n\n<figure class=\"wp-block-image size-large\"><img loading=\"lazy\" decoding=\"async\" width=\"1000\" height=\"563\" data-id=\"1349\" src=\"https:\/\/clipenclape.ovh\/wp-content\/uploads\/2025\/11\/20251104_184911.jpg\" alt=\"\" class=\"wp-image-1349\" srcset=\"https:\/\/clipenclape.ovh\/wp-content\/uploads\/2025\/11\/20251104_184911.jpg 1000w, https:\/\/clipenclape.ovh\/wp-content\/uploads\/2025\/11\/20251104_184911-300x169.jpg 300w, https:\/\/clipenclape.ovh\/wp-content\/uploads\/2025\/11\/20251104_184911-768x432.jpg 768w\" sizes=\"(max-width: 1000px) 100vw, 1000px\" \/><\/figure>\n\n\n\n<figure class=\"wp-block-image size-large\"><img loading=\"lazy\" decoding=\"async\" width=\"577\" height=\"1024\" data-id=\"1353\" src=\"https:\/\/clipenclape.ovh\/wp-content\/uploads\/2025\/11\/20251104_193028-577x1024.jpg\" alt=\"\" class=\"wp-image-1353\" srcset=\"https:\/\/clipenclape.ovh\/wp-content\/uploads\/2025\/11\/20251104_193028-577x1024.jpg 577w, https:\/\/clipenclape.ovh\/wp-content\/uploads\/2025\/11\/20251104_193028-169x300.jpg 169w, https:\/\/clipenclape.ovh\/wp-content\/uploads\/2025\/11\/20251104_193028-768x1364.jpg 768w, https:\/\/clipenclape.ovh\/wp-content\/uploads\/2025\/11\/20251104_193028-865x1536.jpg 865w, https:\/\/clipenclape.ovh\/wp-content\/uploads\/2025\/11\/20251104_193028.jpg 1000w\" sizes=\"(max-width: 577px) 100vw, 577px\" \/><\/figure>\n\n\n\n<figure class=\"wp-block-image size-large\"><img loading=\"lazy\" decoding=\"async\" width=\"577\" height=\"1024\" data-id=\"1354\" src=\"https:\/\/clipenclape.ovh\/wp-content\/uploads\/2025\/11\/20251104_193045-577x1024.jpg\" alt=\"\" class=\"wp-image-1354\" srcset=\"https:\/\/clipenclape.ovh\/wp-content\/uploads\/2025\/11\/20251104_193045-577x1024.jpg 577w, https:\/\/clipenclape.ovh\/wp-content\/uploads\/2025\/11\/20251104_193045-169x300.jpg 169w, https:\/\/clipenclape.ovh\/wp-content\/uploads\/2025\/11\/20251104_193045-768x1364.jpg 768w, https:\/\/clipenclape.ovh\/wp-content\/uploads\/2025\/11\/20251104_193045-865x1536.jpg 865w, https:\/\/clipenclape.ovh\/wp-content\/uploads\/2025\/11\/20251104_193045.jpg 1000w\" sizes=\"(max-width: 577px) 100vw, 577px\" \/><\/figure>\n\n\n\n<figure class=\"wp-block-image size-large\"><img loading=\"lazy\" decoding=\"async\" width=\"577\" height=\"1024\" data-id=\"1352\" src=\"https:\/\/clipenclape.ovh\/wp-content\/uploads\/2025\/11\/20251104_193302-577x1024.jpg\" alt=\"\" class=\"wp-image-1352\" srcset=\"https:\/\/clipenclape.ovh\/wp-content\/uploads\/2025\/11\/20251104_193302-577x1024.jpg 577w, https:\/\/clipenclape.ovh\/wp-content\/uploads\/2025\/11\/20251104_193302-169x300.jpg 169w, https:\/\/clipenclape.ovh\/wp-content\/uploads\/2025\/11\/20251104_193302-768x1364.jpg 768w, https:\/\/clipenclape.ovh\/wp-content\/uploads\/2025\/11\/20251104_193302-865x1536.jpg 865w, https:\/\/clipenclape.ovh\/wp-content\/uploads\/2025\/11\/20251104_193302.jpg 1000w\" sizes=\"(max-width: 577px) 100vw, 577px\" \/><\/figure>\n\n\n\n<figure class=\"wp-block-image size-large\"><img loading=\"lazy\" decoding=\"async\" width=\"577\" height=\"1024\" data-id=\"1357\" src=\"https:\/\/clipenclape.ovh\/wp-content\/uploads\/2025\/11\/20251104_193315-577x1024.jpg\" alt=\"\" class=\"wp-image-1357\" srcset=\"https:\/\/clipenclape.ovh\/wp-content\/uploads\/2025\/11\/20251104_193315-577x1024.jpg 577w, https:\/\/clipenclape.ovh\/wp-content\/uploads\/2025\/11\/20251104_193315-169x300.jpg 169w, https:\/\/clipenclape.ovh\/wp-content\/uploads\/2025\/11\/20251104_193315-768x1364.jpg 768w, https:\/\/clipenclape.ovh\/wp-content\/uploads\/2025\/11\/20251104_193315-865x1536.jpg 865w, https:\/\/clipenclape.ovh\/wp-content\/uploads\/2025\/11\/20251104_193315.jpg 1000w\" sizes=\"(max-width: 577px) 100vw, 577px\" \/><\/figure>\n<\/figure>\n","protected":false},"excerpt":{"rendered":"","protected":false},"author":1,"featured_media":0,"parent":0,"menu_order":0,"comment_status":"closed","ping_status":"closed","template":"","meta":{"footnotes":""},"class_list":["post-1333","page","type-page","status-publish","hentry"],"_links":{"self":[{"href":"https:\/\/clipenclape.ovh\/index.php\/wp-json\/wp\/v2\/pages\/1333","targetHints":{"allow":["GET"]}}],"collection":[{"href":"https:\/\/clipenclape.ovh\/index.php\/wp-json\/wp\/v2\/pages"}],"about":[{"href":"https:\/\/clipenclape.ovh\/index.php\/wp-json\/wp\/v2\/types\/page"}],"author":[{"embeddable":true,"href":"https:\/\/clipenclape.ovh\/index.php\/wp-json\/wp\/v2\/users\/1"}],"replies":[{"embeddable":true,"href":"https:\/\/clipenclape.ovh\/index.php\/wp-json\/wp\/v2\/comments?post=1333"}],"version-history":[{"count":1,"href":"https:\/\/clipenclape.ovh\/index.php\/wp-json\/wp\/v2\/pages\/1333\/revisions"}],"predecessor-version":[{"id":1359,"href":"https:\/\/clipenclape.ovh\/index.php\/wp-json\/wp\/v2\/pages\/1333\/revisions\/1359"}],"wp:attachment":[{"href":"https:\/\/clipenclape.ovh\/index.php\/wp-json\/wp\/v2\/media?parent=1333"}],"curies":[{"name":"wp","href":"https:\/\/api.w.org\/{rel}","templated":true}]}}