{"id":136,"date":"2023-08-09T17:51:07","date_gmt":"2023-08-09T15:51:07","guid":{"rendered":"http:\/\/clipenx.cluster028.hosting.ovh.net\/?page_id=136"},"modified":"2026-02-06T16:10:17","modified_gmt":"2026-02-06T15:10:17","slug":"accueil","status":"publish","type":"page","link":"https:\/\/clipenclape.ovh\/","title":{"rendered":"Accueil"},"content":{"rendered":"\n<figure class=\"wp-block-image size-large\"><img fetchpriority=\"high\" decoding=\"async\" width=\"628\" height=\"148\" src=\"https:\/\/clipenclape.ovh\/wp-content\/uploads\/2024\/12\/clip-clape2.jpg\" alt=\"\" class=\"wp-image-702\" srcset=\"https:\/\/clipenclape.ovh\/wp-content\/uploads\/2024\/12\/clip-clape2.jpg 628w, https:\/\/clipenclape.ovh\/wp-content\/uploads\/2024\/12\/clip-clape2-300x71.jpg 300w\" sizes=\"(max-width: 628px) 100vw, 628px\" \/><\/figure>\n\n\n\n<p class=\"has-small-font-size\"><strong>Contact : clip-en-clape@orange.fr<\/strong><\/p>\n\n\n\n<p class=\"has-text-align-center has-primary-color has-text-color has-link-color has-larger-font-size wp-elements-f890f2e3adb228242745512b20e74671\"><strong><a href=\"https:\/\/clipenclape.ovh\/index.php\/planning-des-activites\/\">Planning des activit\u00e9s<\/a><\/strong><\/p>\n\n\n\n<p class=\"has-primary-color has-text-color\"><strong>Clip en clape comme : Convivialit\u00e9 &#8211; Loisirs &#8211; Initiatives &#8211; Participation<br><\/strong><\/p>\n\n\n\n<p class=\"has-primary-color has-text-color\"><strong>L&rsquo;association a pour but d&rsquo;organiser des visites, voyages, apr\u00e8s-midi et soir\u00e9es r\u00e9cr\u00e9atives, activit\u00e9s manuelles, artistiques et intellectuelles ainsi que des promenades p\u00e9destres \u00e0 la d\u00e9couverte de notre patrimoine local : la Clape<\/strong><br><br><strong>Toutes les activit\u00e9s que Clip en Clape vous proposent, sont anim\u00e9es par des membres b\u00e9n\u00e9voles de l&rsquo;Association. <\/strong><\/p>\n","protected":false},"excerpt":{"rendered":"<p>Contact : clip-en-clape@orange.fr Planning des activit\u00e9s Clip en clape comme : Convivialit\u00e9 &#8211; Loisirs &#8211; Initiatives &#8211; Participation L&rsquo;association a pour but d&rsquo;organiser des visites, voyages, apr\u00e8s-midi et soir\u00e9es r\u00e9cr\u00e9atives, activit\u00e9s manuelles, artistiques et intellectuelles ainsi que des promenades p\u00e9destres \u00e0 la d\u00e9couverte de notre patrimoine local : la Clape Toutes les activit\u00e9s que Clip [&hellip;]<\/p>\n","protected":false},"author":1,"featured_media":0,"parent":0,"menu_order":0,"comment_status":"closed","ping_status":"closed","template":"","meta":{"footnotes":""},"class_list":["post-136","page","type-page","status-publish","hentry"],"_links":{"self":[{"href":"https:\/\/clipenclape.ovh\/index.php\/wp-json\/wp\/v2\/pages\/136","targetHints":{"allow":["GET"]}}],"collection":[{"href":"https:\/\/clipenclape.ovh\/index.php\/wp-json\/wp\/v2\/pages"}],"about":[{"href":"https:\/\/clipenclape.ovh\/index.php\/wp-json\/wp\/v2\/types\/page"}],"author":[{"embeddable":true,"href":"https:\/\/clipenclape.ovh\/index.php\/wp-json\/wp\/v2\/users\/1"}],"replies":[{"embeddable":true,"href":"https:\/\/clipenclape.ovh\/index.php\/wp-json\/wp\/v2\/comments?post=136"}],"version-history":[{"count":57,"href":"https:\/\/clipenclape.ovh\/index.php\/wp-json\/wp\/v2\/pages\/136\/revisions"}],"predecessor-version":[{"id":1452,"href":"https:\/\/clipenclape.ovh\/index.php\/wp-json\/wp\/v2\/pages\/136\/revisions\/1452"}],"wp:attachment":[{"href":"https:\/\/clipenclape.ovh\/index.php\/wp-json\/wp\/v2\/media?parent=136"}],"curies":[{"name":"wp","href":"https:\/\/api.w.org\/{rel}","templated":true}]}}