{"id":1366,"date":"2025-11-28T14:38:27","date_gmt":"2025-11-28T13:38:27","guid":{"rendered":"https:\/\/clipenclape.ovh\/?page_id=1366"},"modified":"2025-11-29T10:56:43","modified_gmt":"2025-11-29T09:56:43","slug":"choucroute-27-novembre-2025","status":"publish","type":"page","link":"https:\/\/clipenclape.ovh\/index.php\/choucroute-27-novembre-2025\/","title":{"rendered":"Choucroute 27 novembre 2025"},"content":{"rendered":"\n<p><strong>Vers midi une bonne odeur d\u2019Alsace envahissait la salle polyvalente&nbsp;!<\/strong><\/p>\n\n\n\n<p><strong>Une cinquantaine de convives arriv\u00e8rent dans une ambiance festive, l\u2019ap\u00e9ritif les attendait<\/strong> <strong>et les tables \u00e9taient mises&nbsp;!<\/strong><\/p>\n\n\n\n<p><strong>Une traditionnelle choucroute pr\u00e9par\u00e9e par G\u00e9rard, Dominique et Daniel&nbsp; mijotait. Monique et ses marmitons s&rsquo;occupaient de l&rsquo;installation des tables. Le repas pu d\u00e9buter dans la bonne humeur.<\/strong><\/p>\n\n\n\n<p><strong>Le vin blanc et la bi\u00e8re fra\u00eeche furent servit, les conversations all\u00e8rent bon train,&nbsp; quelques chansons retentirent et Jean-louis agr\u00e9menta le caf\u00e9 d\u2019un ses petits shows dont il a le secret.<\/strong><strong>Le temps passe vite en joyeuse compagnie et chacun repartit avec le souvenir d\u2019un bon moment \u00e9chang\u00e9.<\/strong><\/p>\n\n\n\n<p><strong>Texte de Claudine Saint Martin <\/strong><\/p>\n\n\n\n<figure class=\"wp-block-image size-full\"><img fetchpriority=\"high\" decoding=\"async\" width=\"600\" height=\"800\" src=\"https:\/\/clipenclape.ovh\/wp-content\/uploads\/2025\/11\/IMG-20251127-WA0004.jpg\" alt=\"\" class=\"wp-image-1368\" srcset=\"https:\/\/clipenclape.ovh\/wp-content\/uploads\/2025\/11\/IMG-20251127-WA0004.jpg 600w, https:\/\/clipenclape.ovh\/wp-content\/uploads\/2025\/11\/IMG-20251127-WA0004-225x300.jpg 225w\" sizes=\"(max-width: 600px) 100vw, 600px\" \/><\/figure>\n\n\n\n<figure class=\"wp-block-image size-full\"><img decoding=\"async\" width=\"600\" height=\"800\" src=\"https:\/\/clipenclape.ovh\/wp-content\/uploads\/2025\/11\/IMG-20251127-WA0005.jpg\" alt=\"\" class=\"wp-image-1369\" srcset=\"https:\/\/clipenclape.ovh\/wp-content\/uploads\/2025\/11\/IMG-20251127-WA0005.jpg 600w, https:\/\/clipenclape.ovh\/wp-content\/uploads\/2025\/11\/IMG-20251127-WA0005-225x300.jpg 225w\" sizes=\"(max-width: 600px) 100vw, 600px\" \/><\/figure>\n\n\n\n<figure class=\"wp-block-image size-large\"><img decoding=\"async\" width=\"576\" height=\"1024\" src=\"https:\/\/clipenclape.ovh\/wp-content\/uploads\/2025\/11\/IMG-20251128-WA0000-576x1024.jpg\" alt=\"\" class=\"wp-image-1382\" srcset=\"https:\/\/clipenclape.ovh\/wp-content\/uploads\/2025\/11\/IMG-20251128-WA0000-576x1024.jpg 576w, https:\/\/clipenclape.ovh\/wp-content\/uploads\/2025\/11\/IMG-20251128-WA0000-169x300.jpg 169w, https:\/\/clipenclape.ovh\/wp-content\/uploads\/2025\/11\/IMG-20251128-WA0000-768x1365.jpg 768w, https:\/\/clipenclape.ovh\/wp-content\/uploads\/2025\/11\/IMG-20251128-WA0000-864x1536.jpg 864w, https:\/\/clipenclape.ovh\/wp-content\/uploads\/2025\/11\/IMG-20251128-WA0000.jpg 900w\" sizes=\"(max-width: 576px) 100vw, 576px\" \/><\/figure>\n\n\n\n<figure class=\"wp-block-image size-large\"><img loading=\"lazy\" decoding=\"async\" width=\"576\" height=\"1024\" src=\"https:\/\/clipenclape.ovh\/wp-content\/uploads\/2025\/11\/IMG-20251128-WA0001-576x1024.jpg\" alt=\"\" class=\"wp-image-1383\" srcset=\"https:\/\/clipenclape.ovh\/wp-content\/uploads\/2025\/11\/IMG-20251128-WA0001-576x1024.jpg 576w, https:\/\/clipenclape.ovh\/wp-content\/uploads\/2025\/11\/IMG-20251128-WA0001-169x300.jpg 169w, https:\/\/clipenclape.ovh\/wp-content\/uploads\/2025\/11\/IMG-20251128-WA0001-768x1365.jpg 768w, https:\/\/clipenclape.ovh\/wp-content\/uploads\/2025\/11\/IMG-20251128-WA0001-864x1536.jpg 864w, https:\/\/clipenclape.ovh\/wp-content\/uploads\/2025\/11\/IMG-20251128-WA0001.jpg 900w\" sizes=\"(max-width: 576px) 100vw, 576px\" \/><\/figure>\n\n\n\n<figure class=\"wp-block-image size-large\"><img loading=\"lazy\" decoding=\"async\" width=\"576\" height=\"1024\" src=\"https:\/\/clipenclape.ovh\/wp-content\/uploads\/2025\/11\/IMG-20251128-WA0002-576x1024.jpg\" alt=\"\" class=\"wp-image-1384\" srcset=\"https:\/\/clipenclape.ovh\/wp-content\/uploads\/2025\/11\/IMG-20251128-WA0002-576x1024.jpg 576w, https:\/\/clipenclape.ovh\/wp-content\/uploads\/2025\/11\/IMG-20251128-WA0002-169x300.jpg 169w, https:\/\/clipenclape.ovh\/wp-content\/uploads\/2025\/11\/IMG-20251128-WA0002-768x1365.jpg 768w, https:\/\/clipenclape.ovh\/wp-content\/uploads\/2025\/11\/IMG-20251128-WA0002-864x1536.jpg 864w, https:\/\/clipenclape.ovh\/wp-content\/uploads\/2025\/11\/IMG-20251128-WA0002.jpg 900w\" sizes=\"(max-width: 576px) 100vw, 576px\" \/><\/figure>\n\n\n\n<figure class=\"wp-block-image size-large\"><img loading=\"lazy\" decoding=\"async\" width=\"576\" height=\"1024\" src=\"https:\/\/clipenclape.ovh\/wp-content\/uploads\/2025\/11\/IMG-20251128-WA0003-576x1024.jpg\" alt=\"\" class=\"wp-image-1385\" srcset=\"https:\/\/clipenclape.ovh\/wp-content\/uploads\/2025\/11\/IMG-20251128-WA0003-576x1024.jpg 576w, https:\/\/clipenclape.ovh\/wp-content\/uploads\/2025\/11\/IMG-20251128-WA0003-169x300.jpg 169w, https:\/\/clipenclape.ovh\/wp-content\/uploads\/2025\/11\/IMG-20251128-WA0003-768x1365.jpg 768w, https:\/\/clipenclape.ovh\/wp-content\/uploads\/2025\/11\/IMG-20251128-WA0003-864x1536.jpg 864w, https:\/\/clipenclape.ovh\/wp-content\/uploads\/2025\/11\/IMG-20251128-WA0003.jpg 900w\" sizes=\"(max-width: 576px) 100vw, 576px\" \/><\/figure>\n\n\n\n<figure class=\"wp-block-image size-large\"><img loading=\"lazy\" decoding=\"async\" width=\"576\" height=\"1024\" src=\"https:\/\/clipenclape.ovh\/wp-content\/uploads\/2025\/11\/IMG-20251128-WA0004-576x1024.jpg\" alt=\"\" class=\"wp-image-1386\" srcset=\"https:\/\/clipenclape.ovh\/wp-content\/uploads\/2025\/11\/IMG-20251128-WA0004-576x1024.jpg 576w, https:\/\/clipenclape.ovh\/wp-content\/uploads\/2025\/11\/IMG-20251128-WA0004-169x300.jpg 169w, https:\/\/clipenclape.ovh\/wp-content\/uploads\/2025\/11\/IMG-20251128-WA0004-768x1365.jpg 768w, https:\/\/clipenclape.ovh\/wp-content\/uploads\/2025\/11\/IMG-20251128-WA0004-864x1536.jpg 864w, https:\/\/clipenclape.ovh\/wp-content\/uploads\/2025\/11\/IMG-20251128-WA0004.jpg 900w\" sizes=\"(max-width: 576px) 100vw, 576px\" \/><\/figure>\n\n\n\n<p><\/p>\n\n\n\n<figure class=\"wp-block-image size-full\"><img loading=\"lazy\" decoding=\"async\" width=\"600\" height=\"800\" src=\"https:\/\/clipenclape.ovh\/wp-content\/uploads\/2025\/11\/IMG-20251127-WA0001.jpg\" alt=\"\" class=\"wp-image-1393\" srcset=\"https:\/\/clipenclape.ovh\/wp-content\/uploads\/2025\/11\/IMG-20251127-WA0001.jpg 600w, https:\/\/clipenclape.ovh\/wp-content\/uploads\/2025\/11\/IMG-20251127-WA0001-225x300.jpg 225w\" sizes=\"(max-width: 600px) 100vw, 600px\" \/><\/figure>\n\n\n\n<figure class=\"wp-block-image size-full\"><img loading=\"lazy\" decoding=\"async\" width=\"600\" height=\"800\" src=\"https:\/\/clipenclape.ovh\/wp-content\/uploads\/2025\/11\/IMG-20251127-WA0002.jpg\" alt=\"\" class=\"wp-image-1394\" srcset=\"https:\/\/clipenclape.ovh\/wp-content\/uploads\/2025\/11\/IMG-20251127-WA0002.jpg 600w, https:\/\/clipenclape.ovh\/wp-content\/uploads\/2025\/11\/IMG-20251127-WA0002-225x300.jpg 225w\" sizes=\"(max-width: 600px) 100vw, 600px\" \/><\/figure>\n\n\n\n<figure class=\"wp-block-image size-full\"><img loading=\"lazy\" decoding=\"async\" width=\"600\" height=\"800\" src=\"https:\/\/clipenclape.ovh\/wp-content\/uploads\/2025\/11\/IMG-20251127-WA0003.jpg\" alt=\"\" class=\"wp-image-1395\" srcset=\"https:\/\/clipenclape.ovh\/wp-content\/uploads\/2025\/11\/IMG-20251127-WA0003.jpg 600w, https:\/\/clipenclape.ovh\/wp-content\/uploads\/2025\/11\/IMG-20251127-WA0003-225x300.jpg 225w\" sizes=\"(max-width: 600px) 100vw, 600px\" \/><\/figure>\n\n\n\n<figure class=\"wp-block-image size-full\"><img loading=\"lazy\" decoding=\"async\" width=\"600\" height=\"800\" src=\"https:\/\/clipenclape.ovh\/wp-content\/uploads\/2025\/11\/IMG-20251127-WA0000.jpg\" alt=\"\" class=\"wp-image-1396\" srcset=\"https:\/\/clipenclape.ovh\/wp-content\/uploads\/2025\/11\/IMG-20251127-WA0000.jpg 600w, https:\/\/clipenclape.ovh\/wp-content\/uploads\/2025\/11\/IMG-20251127-WA0000-225x300.jpg 225w\" sizes=\"(max-width: 600px) 100vw, 600px\" \/><\/figure>\n","protected":false},"excerpt":{"rendered":"<p>Vers midi une bonne odeur d\u2019Alsace envahissait la salle polyvalente&nbsp;! Une cinquantaine de convives arriv\u00e8rent dans une ambiance festive, l\u2019ap\u00e9ritif les attendait et les tables \u00e9taient mises&nbsp;! Une traditionnelle choucroute pr\u00e9par\u00e9e par G\u00e9rard, Dominique et Daniel&nbsp; mijotait. Monique et ses marmitons s&rsquo;occupaient de l&rsquo;installation des tables. Le repas pu d\u00e9buter dans la bonne humeur. Le [&hellip;]<\/p>\n","protected":false},"author":1,"featured_media":0,"parent":0,"menu_order":0,"comment_status":"closed","ping_status":"closed","template":"","meta":{"footnotes":""},"class_list":["post-1366","page","type-page","status-publish","hentry"],"_links":{"self":[{"href":"https:\/\/clipenclape.ovh\/index.php\/wp-json\/wp\/v2\/pages\/1366","targetHints":{"allow":["GET"]}}],"collection":[{"href":"https:\/\/clipenclape.ovh\/index.php\/wp-json\/wp\/v2\/pages"}],"about":[{"href":"https:\/\/clipenclape.ovh\/index.php\/wp-json\/wp\/v2\/types\/page"}],"author":[{"embeddable":true,"href":"https:\/\/clipenclape.ovh\/index.php\/wp-json\/wp\/v2\/users\/1"}],"replies":[{"embeddable":true,"href":"https:\/\/clipenclape.ovh\/index.php\/wp-json\/wp\/v2\/comments?post=1366"}],"version-history":[{"count":6,"href":"https:\/\/clipenclape.ovh\/index.php\/wp-json\/wp\/v2\/pages\/1366\/revisions"}],"predecessor-version":[{"id":1399,"href":"https:\/\/clipenclape.ovh\/index.php\/wp-json\/wp\/v2\/pages\/1366\/revisions\/1399"}],"wp:attachment":[{"href":"https:\/\/clipenclape.ovh\/index.php\/wp-json\/wp\/v2\/media?parent=1366"}],"curies":[{"name":"wp","href":"https:\/\/api.w.org\/{rel}","templated":true}]}}