{"id":145,"date":"2023-08-10T14:43:03","date_gmt":"2023-08-10T12:43:03","guid":{"rendered":"https:\/\/clipenx.cluster028.hosting.ovh.net\/?page_id=145"},"modified":"2026-04-02T11:37:07","modified_gmt":"2026-04-02T09:37:07","slug":"conseil-dadministration","status":"publish","type":"page","link":"https:\/\/clipenclape.ovh\/index.php\/conseil-dadministration\/","title":{"rendered":"Conseil d&rsquo;Administration"},"content":{"rendered":"\n<p class=\"has-background has-larger-font-size\" style=\"background-color:#e6f1aa\"><strong>Les membres du Bureau :<\/strong><\/p>\n\n\n\n<ul class=\"wp-block-list\">\n<li class=\"has-large-font-size\"><strong>Monique Le Bronnec, Pr\u00e9sidente<\/strong><\/li>\n\n\n\n<li class=\"has-large-font-size\"><strong>Bernard Le Bronnec, Secr\u00e9taire et Tr\u00e9sorier<\/strong><\/li>\n\n\n\n<li class=\"has-large-font-size\"><strong>G\u00e9raldine Lescutier, Secr\u00e9taire Adjointe<\/strong><\/li>\n<\/ul>\n\n\n\n<p class=\"has-pale-ocean-gradient-background has-background has-larger-font-size\"><strong>Les membres du Conseil d&rsquo;Administration<\/strong><\/p>\n\n\n\n<ul class=\"wp-block-list\">\n<li class=\"has-large-font-size\"><strong>Dominique Billot<\/strong><\/li>\n\n\n\n<li class=\"has-large-font-size\"><strong>Josette Bosseaux<\/strong><\/li>\n\n\n\n<li class=\"has-large-font-size\"><strong>Jacques Bosseaux<\/strong><\/li>\n\n\n\n<li class=\"has-large-font-size\"><strong>Marie-Claude Infanti<\/strong><\/li>\n\n\n\n<li class=\"has-large-font-size\"><strong>Lisette Paillas<\/strong><\/li>\n\n\n\n<li class=\"has-large-font-size\"><strong>Jean-Louis Paillas<\/strong><\/li>\n\n\n\n<li class=\"has-large-font-size\"><strong>Ren\u00e9e Ruppa<\/strong><\/li>\n\n\n\n<li class=\"has-large-font-size\"><strong>Robert Ruppa<\/strong><\/li>\n\n\n\n<li class=\"has-large-font-size\"><strong>Fran\u00e7oise Soum<\/strong><\/li>\n<\/ul>\n\n\n\n<p class=\"has-primary-color has-text-color has-link-color has-normal-font-size wp-elements-1f3367bb834b1cc5486e21994276dca3\"><strong>et futurs membres \u00e0 \u00e9lire \u00e0 la prochaine Assembl\u00e9e G\u00e9n\u00e9rale : Eliane Benabarre et Daniel Vitaler<\/strong><\/p>\n\n\n\n<p><\/p>\n","protected":false},"excerpt":{"rendered":"<p>Les membres du Bureau : Les membres du Conseil d&rsquo;Administration et futurs membres \u00e0 \u00e9lire \u00e0 la prochaine Assembl\u00e9e G\u00e9n\u00e9rale : Eliane Benabarre et Daniel Vitaler<\/p>\n","protected":false},"author":1,"featured_media":0,"parent":0,"menu_order":0,"comment_status":"closed","ping_status":"closed","template":"","meta":{"footnotes":""},"class_list":["post-145","page","type-page","status-publish","hentry"],"_links":{"self":[{"href":"https:\/\/clipenclape.ovh\/index.php\/wp-json\/wp\/v2\/pages\/145","targetHints":{"allow":["GET"]}}],"collection":[{"href":"https:\/\/clipenclape.ovh\/index.php\/wp-json\/wp\/v2\/pages"}],"about":[{"href":"https:\/\/clipenclape.ovh\/index.php\/wp-json\/wp\/v2\/types\/page"}],"author":[{"embeddable":true,"href":"https:\/\/clipenclape.ovh\/index.php\/wp-json\/wp\/v2\/users\/1"}],"replies":[{"embeddable":true,"href":"https:\/\/clipenclape.ovh\/index.php\/wp-json\/wp\/v2\/comments?post=145"}],"version-history":[{"count":9,"href":"https:\/\/clipenclape.ovh\/index.php\/wp-json\/wp\/v2\/pages\/145\/revisions"}],"predecessor-version":[{"id":1533,"href":"https:\/\/clipenclape.ovh\/index.php\/wp-json\/wp\/v2\/pages\/145\/revisions\/1533"}],"wp:attachment":[{"href":"https:\/\/clipenclape.ovh\/index.php\/wp-json\/wp\/v2\/media?parent=145"}],"curies":[{"name":"wp","href":"https:\/\/api.w.org\/{rel}","templated":true}]}}