{"id":1455,"date":"2026-02-07T13:49:59","date_gmt":"2026-02-07T12:49:59","guid":{"rendered":"https:\/\/clipenclape.ovh\/?page_id=1455"},"modified":"2026-02-07T13:49:59","modified_gmt":"2026-02-07T12:49:59","slug":"repas-crepes-du-5-fevrier-2026","status":"publish","type":"page","link":"https:\/\/clipenclape.ovh\/index.php\/repas-crepes-du-5-fevrier-2026\/","title":{"rendered":"Repas cr\u00eapes du 5 f\u00e9vrier 2026"},"content":{"rendered":"\n<p><strong>La Chandeleur arrivant les cr\u00eapi\u00e8res furent sorties ce jeudi 5<\/strong>. <strong>Une cinquantaine de personnes vinrent vers midi attir\u00e9s par la bonne odeur ch\u00e8re \u00e0 notre enfance, appr\u00e9ci\u00e9e par les grands enfants que nous sommes.<\/strong><\/p>\n\n\n\n<p><strong>Monique, G\u00e9raldine, Ren\u00e9e, Lisette et Eliane \u2026. avaient du mal a fournir tous ces gourmands&nbsp;!!!<\/strong><\/p>\n\n\n\n<p><strong>Le cidre aidant, le repas fut des plus joyeux.  Nous nous quitt\u00e2mes repus et ravis.<\/strong> <strong>Rendez-vous l\u2019an prochain&nbsp;!<\/strong><\/p>\n\n\n\n<figure class=\"wp-block-gallery has-nested-images columns-default is-cropped wp-block-gallery-1 is-layout-flex wp-block-gallery-is-layout-flex\">\n<figure class=\"wp-block-image size-large\"><img fetchpriority=\"high\" decoding=\"async\" width=\"768\" height=\"1024\" data-id=\"1465\" src=\"https:\/\/clipenclape.ovh\/wp-content\/uploads\/2026\/02\/20260205_154259-1-768x1024.jpg\" alt=\"\" class=\"wp-image-1465\" srcset=\"https:\/\/clipenclape.ovh\/wp-content\/uploads\/2026\/02\/20260205_154259-1-768x1024.jpg 768w, https:\/\/clipenclape.ovh\/wp-content\/uploads\/2026\/02\/20260205_154259-1-225x300.jpg 225w, https:\/\/clipenclape.ovh\/wp-content\/uploads\/2026\/02\/20260205_154259-1-1152x1536.jpg 1152w, https:\/\/clipenclape.ovh\/wp-content\/uploads\/2026\/02\/20260205_154259-1-1536x2048.jpg 1536w, https:\/\/clipenclape.ovh\/wp-content\/uploads\/2026\/02\/20260205_154259-1-1200x1600.jpg 1200w, https:\/\/clipenclape.ovh\/wp-content\/uploads\/2026\/02\/20260205_154259-1-1980x2640.jpg 1980w, https:\/\/clipenclape.ovh\/wp-content\/uploads\/2026\/02\/20260205_154259-1-scaled.jpg 1920w\" sizes=\"(max-width: 768px) 100vw, 768px\" \/><\/figure>\n\n\n\n<figure class=\"wp-block-image size-large\"><img decoding=\"async\" width=\"768\" height=\"1024\" data-id=\"1474\" src=\"https:\/\/clipenclape.ovh\/wp-content\/uploads\/2026\/02\/20260205_154311-2-768x1024.jpg\" alt=\"\" class=\"wp-image-1474\" srcset=\"https:\/\/clipenclape.ovh\/wp-content\/uploads\/2026\/02\/20260205_154311-2-768x1024.jpg 768w, https:\/\/clipenclape.ovh\/wp-content\/uploads\/2026\/02\/20260205_154311-2-225x300.jpg 225w, https:\/\/clipenclape.ovh\/wp-content\/uploads\/2026\/02\/20260205_154311-2-1152x1536.jpg 1152w, https:\/\/clipenclape.ovh\/wp-content\/uploads\/2026\/02\/20260205_154311-2-1536x2048.jpg 1536w, https:\/\/clipenclape.ovh\/wp-content\/uploads\/2026\/02\/20260205_154311-2-1200x1600.jpg 1200w, https:\/\/clipenclape.ovh\/wp-content\/uploads\/2026\/02\/20260205_154311-2-1980x2640.jpg 1980w, https:\/\/clipenclape.ovh\/wp-content\/uploads\/2026\/02\/20260205_154311-2-scaled.jpg 1920w\" sizes=\"(max-width: 768px) 100vw, 768px\" \/><\/figure>\n\n\n\n<figure class=\"wp-block-image size-large\"><img decoding=\"async\" width=\"768\" height=\"1024\" data-id=\"1470\" src=\"https:\/\/clipenclape.ovh\/wp-content\/uploads\/2026\/02\/20260205_154309-1-768x1024.jpg\" alt=\"\" class=\"wp-image-1470\" srcset=\"https:\/\/clipenclape.ovh\/wp-content\/uploads\/2026\/02\/20260205_154309-1-768x1024.jpg 768w, https:\/\/clipenclape.ovh\/wp-content\/uploads\/2026\/02\/20260205_154309-1-225x300.jpg 225w, https:\/\/clipenclape.ovh\/wp-content\/uploads\/2026\/02\/20260205_154309-1-1152x1536.jpg 1152w, https:\/\/clipenclape.ovh\/wp-content\/uploads\/2026\/02\/20260205_154309-1-1536x2048.jpg 1536w, https:\/\/clipenclape.ovh\/wp-content\/uploads\/2026\/02\/20260205_154309-1-1200x1600.jpg 1200w, https:\/\/clipenclape.ovh\/wp-content\/uploads\/2026\/02\/20260205_154309-1-1980x2640.jpg 1980w, https:\/\/clipenclape.ovh\/wp-content\/uploads\/2026\/02\/20260205_154309-1-scaled.jpg 1920w\" sizes=\"(max-width: 768px) 100vw, 768px\" \/><\/figure>\n\n\n\n<figure class=\"wp-block-image size-large\"><img loading=\"lazy\" decoding=\"async\" width=\"768\" height=\"1024\" data-id=\"1473\" src=\"https:\/\/clipenclape.ovh\/wp-content\/uploads\/2026\/02\/20260205_154306-2-768x1024.jpg\" alt=\"\" class=\"wp-image-1473\" srcset=\"https:\/\/clipenclape.ovh\/wp-content\/uploads\/2026\/02\/20260205_154306-2-768x1024.jpg 768w, https:\/\/clipenclape.ovh\/wp-content\/uploads\/2026\/02\/20260205_154306-2-225x300.jpg 225w, https:\/\/clipenclape.ovh\/wp-content\/uploads\/2026\/02\/20260205_154306-2-1152x1536.jpg 1152w, https:\/\/clipenclape.ovh\/wp-content\/uploads\/2026\/02\/20260205_154306-2-1536x2048.jpg 1536w, https:\/\/clipenclape.ovh\/wp-content\/uploads\/2026\/02\/20260205_154306-2-1200x1600.jpg 1200w, https:\/\/clipenclape.ovh\/wp-content\/uploads\/2026\/02\/20260205_154306-2-1980x2640.jpg 1980w, https:\/\/clipenclape.ovh\/wp-content\/uploads\/2026\/02\/20260205_154306-2-scaled.jpg 1920w\" sizes=\"(max-width: 768px) 100vw, 768px\" \/><\/figure>\n\n\n\n<figure class=\"wp-block-image size-large\"><img loading=\"lazy\" decoding=\"async\" width=\"768\" height=\"1024\" data-id=\"1469\" src=\"https:\/\/clipenclape.ovh\/wp-content\/uploads\/2026\/02\/20260205_154314-1-768x1024.jpg\" alt=\"\" class=\"wp-image-1469\" srcset=\"https:\/\/clipenclape.ovh\/wp-content\/uploads\/2026\/02\/20260205_154314-1-768x1024.jpg 768w, https:\/\/clipenclape.ovh\/wp-content\/uploads\/2026\/02\/20260205_154314-1-225x300.jpg 225w, https:\/\/clipenclape.ovh\/wp-content\/uploads\/2026\/02\/20260205_154314-1-1152x1536.jpg 1152w, https:\/\/clipenclape.ovh\/wp-content\/uploads\/2026\/02\/20260205_154314-1-1536x2048.jpg 1536w, https:\/\/clipenclape.ovh\/wp-content\/uploads\/2026\/02\/20260205_154314-1-1200x1600.jpg 1200w, https:\/\/clipenclape.ovh\/wp-content\/uploads\/2026\/02\/20260205_154314-1-1980x2640.jpg 1980w, https:\/\/clipenclape.ovh\/wp-content\/uploads\/2026\/02\/20260205_154314-1-scaled.jpg 1920w\" sizes=\"(max-width: 768px) 100vw, 768px\" \/><\/figure>\n\n\n\n<figure class=\"wp-block-image size-large\"><img loading=\"lazy\" decoding=\"async\" width=\"768\" height=\"1024\" data-id=\"1472\" src=\"https:\/\/clipenclape.ovh\/wp-content\/uploads\/2026\/02\/20260205_154318-1-768x1024.jpg\" alt=\"\" class=\"wp-image-1472\" srcset=\"https:\/\/clipenclape.ovh\/wp-content\/uploads\/2026\/02\/20260205_154318-1-768x1024.jpg 768w, https:\/\/clipenclape.ovh\/wp-content\/uploads\/2026\/02\/20260205_154318-1-225x300.jpg 225w, https:\/\/clipenclape.ovh\/wp-content\/uploads\/2026\/02\/20260205_154318-1-1152x1536.jpg 1152w, https:\/\/clipenclape.ovh\/wp-content\/uploads\/2026\/02\/20260205_154318-1-1536x2048.jpg 1536w, https:\/\/clipenclape.ovh\/wp-content\/uploads\/2026\/02\/20260205_154318-1-1200x1600.jpg 1200w, https:\/\/clipenclape.ovh\/wp-content\/uploads\/2026\/02\/20260205_154318-1-1980x2640.jpg 1980w, https:\/\/clipenclape.ovh\/wp-content\/uploads\/2026\/02\/20260205_154318-1-scaled.jpg 1920w\" sizes=\"(max-width: 768px) 100vw, 768px\" \/><\/figure>\n\n\n\n<figure class=\"wp-block-image size-large\"><img loading=\"lazy\" decoding=\"async\" width=\"768\" height=\"1024\" data-id=\"1471\" src=\"https:\/\/clipenclape.ovh\/wp-content\/uploads\/2026\/02\/20260205_154321-1-768x1024.jpg\" alt=\"\" class=\"wp-image-1471\" srcset=\"https:\/\/clipenclape.ovh\/wp-content\/uploads\/2026\/02\/20260205_154321-1-768x1024.jpg 768w, https:\/\/clipenclape.ovh\/wp-content\/uploads\/2026\/02\/20260205_154321-1-225x300.jpg 225w, https:\/\/clipenclape.ovh\/wp-content\/uploads\/2026\/02\/20260205_154321-1-1152x1536.jpg 1152w, https:\/\/clipenclape.ovh\/wp-content\/uploads\/2026\/02\/20260205_154321-1-1536x2048.jpg 1536w, https:\/\/clipenclape.ovh\/wp-content\/uploads\/2026\/02\/20260205_154321-1-1200x1600.jpg 1200w, https:\/\/clipenclape.ovh\/wp-content\/uploads\/2026\/02\/20260205_154321-1-1980x2640.jpg 1980w, https:\/\/clipenclape.ovh\/wp-content\/uploads\/2026\/02\/20260205_154321-1-scaled.jpg 1920w\" sizes=\"(max-width: 768px) 100vw, 768px\" \/><\/figure>\n<\/figure>\n\n\n\n<p>et quelques photos de notre local de rangement, que Daniel et G\u00e9rard ont agr\u00e9ment\u00e9 de superbes \u00e9tag\u00e8res&#8230;<\/p>\n\n\n\n<figure class=\"wp-block-gallery has-nested-images columns-default is-cropped wp-block-gallery-2 is-layout-flex wp-block-gallery-is-layout-flex\">\n<figure class=\"wp-block-image size-large\"><img loading=\"lazy\" decoding=\"async\" width=\"1000\" height=\"750\" data-id=\"1475\" src=\"https:\/\/clipenclape.ovh\/wp-content\/uploads\/2026\/02\/20260205_104206.jpg\" alt=\"\" class=\"wp-image-1475\" srcset=\"https:\/\/clipenclape.ovh\/wp-content\/uploads\/2026\/02\/20260205_104206.jpg 1000w, https:\/\/clipenclape.ovh\/wp-content\/uploads\/2026\/02\/20260205_104206-300x225.jpg 300w, https:\/\/clipenclape.ovh\/wp-content\/uploads\/2026\/02\/20260205_104206-768x576.jpg 768w\" sizes=\"(max-width: 1000px) 100vw, 1000px\" \/><\/figure>\n\n\n\n<figure class=\"wp-block-image size-large\"><img loading=\"lazy\" decoding=\"async\" width=\"1000\" height=\"750\" data-id=\"1476\" src=\"https:\/\/clipenclape.ovh\/wp-content\/uploads\/2026\/02\/20260205_104215.jpg\" alt=\"\" class=\"wp-image-1476\" srcset=\"https:\/\/clipenclape.ovh\/wp-content\/uploads\/2026\/02\/20260205_104215.jpg 1000w, https:\/\/clipenclape.ovh\/wp-content\/uploads\/2026\/02\/20260205_104215-300x225.jpg 300w, https:\/\/clipenclape.ovh\/wp-content\/uploads\/2026\/02\/20260205_104215-768x576.jpg 768w\" sizes=\"(max-width: 1000px) 100vw, 1000px\" \/><\/figure>\n\n\n\n<figure class=\"wp-block-image size-large\"><img loading=\"lazy\" decoding=\"async\" width=\"768\" height=\"1024\" data-id=\"1477\" src=\"https:\/\/clipenclape.ovh\/wp-content\/uploads\/2026\/02\/20260205_104300-768x1024.jpg\" alt=\"\" class=\"wp-image-1477\" srcset=\"https:\/\/clipenclape.ovh\/wp-content\/uploads\/2026\/02\/20260205_104300-768x1024.jpg 768w, https:\/\/clipenclape.ovh\/wp-content\/uploads\/2026\/02\/20260205_104300-225x300.jpg 225w, https:\/\/clipenclape.ovh\/wp-content\/uploads\/2026\/02\/20260205_104300.jpg 1000w\" sizes=\"(max-width: 768px) 100vw, 768px\" \/><\/figure>\n<\/figure>\n","protected":false},"excerpt":{"rendered":"<p>La Chandeleur arrivant les cr\u00eapi\u00e8res furent sorties ce jeudi 5. Une cinquantaine de personnes vinrent vers midi attir\u00e9s par la bonne odeur ch\u00e8re \u00e0 notre enfance, appr\u00e9ci\u00e9e par les grands enfants que nous sommes. Monique, G\u00e9raldine, Ren\u00e9e, Lisette et Eliane \u2026. avaient du mal a fournir tous ces gourmands&nbsp;!!! Le cidre aidant, le repas fut [&hellip;]<\/p>\n","protected":false},"author":1,"featured_media":0,"parent":0,"menu_order":0,"comment_status":"closed","ping_status":"closed","template":"","meta":{"footnotes":""},"class_list":["post-1455","page","type-page","status-publish","hentry"],"_links":{"self":[{"href":"https:\/\/clipenclape.ovh\/index.php\/wp-json\/wp\/v2\/pages\/1455","targetHints":{"allow":["GET"]}}],"collection":[{"href":"https:\/\/clipenclape.ovh\/index.php\/wp-json\/wp\/v2\/pages"}],"about":[{"href":"https:\/\/clipenclape.ovh\/index.php\/wp-json\/wp\/v2\/types\/page"}],"author":[{"embeddable":true,"href":"https:\/\/clipenclape.ovh\/index.php\/wp-json\/wp\/v2\/users\/1"}],"replies":[{"embeddable":true,"href":"https:\/\/clipenclape.ovh\/index.php\/wp-json\/wp\/v2\/comments?post=1455"}],"version-history":[{"count":2,"href":"https:\/\/clipenclape.ovh\/index.php\/wp-json\/wp\/v2\/pages\/1455\/revisions"}],"predecessor-version":[{"id":1478,"href":"https:\/\/clipenclape.ovh\/index.php\/wp-json\/wp\/v2\/pages\/1455\/revisions\/1478"}],"wp:attachment":[{"href":"https:\/\/clipenclape.ovh\/index.php\/wp-json\/wp\/v2\/media?parent=1455"}],"curies":[{"name":"wp","href":"https:\/\/api.w.org\/{rel}","templated":true}]}}